{"id":13,"date":"2015-01-12T19:50:26","date_gmt":"2015-01-12T17:50:26","guid":{"rendered":"http:\/\/brings-online.com\/demo\/wp-theme-visitenkarte2\/?page_id=11"},"modified":"2026-03-25T08:53:11","modified_gmt":"2026-03-25T07:53:11","slug":"informationen-zu-meinen-dienstleistungen","status":"publish","type":"page","link":"https:\/\/www.michaeldettmann.de\/","title":{"rendered":"Start"},"content":{"rendered":"<h1><strong>Lebenslauf<\/strong><\/h1>\n<table style=\"border-color: #09002a; height: 1109px; width: 100%;\" border=\"1\">\n<tbody>\n<tr>\n<td style=\"border-color: #09002a; text-align: center; width: 20%;\"><strong>2025 M\u00e4r. &#8211; heute<\/strong><\/td>\n<td style=\"border-color: #09002a; width: 78.6207%;\"><strong>IT-Support bei Spielmobile Verband e.V. in M\u00fcnchen<br \/>\n(<a href=\"http:\/\/spielmobile.de\" target=\"_blank\" rel=\"noopener\">www.spielmobile.de<\/a>)<\/strong><\/td>\n<\/tr>\n<tr>\n<td style=\"border-color: #09002a; text-align: center; width: 20%;\"><strong>2024 Feb. &#8211; heute<\/strong><\/td>\n<td style=\"border-color: #09002a; width: 78.6207%;\"><strong>IT-Supporter bei Stadtjugendring e.V. in Sindelfingen.<br \/>\n(<a href=\"http:\/\/www.sjr-sifi.de\">www.sjr-sifi.de<\/a>)<\/strong><\/td>\n<\/tr>\n<tr>\n<td style=\"border-color: #09002a; text-align: center; width: 20%;\"><strong>2023 Dez. &#8211; heute<\/strong><\/td>\n<td style=\"border-color: #09002a; width: 78.6207%;\"><strong>IT-Systemadministrator bei Listenow GmbH &amp; Co in Rutesheim<br \/>\nVerladesysteme f\u00fcr Sch\u00fcttg\u00fcter (<a href=\"http:\/\/www.listenow.com\">www.listenow.com<\/a>)\u00a0<\/strong><\/td>\n<\/tr>\n<tr>\n<td style=\"border-color: #09002a; text-align: center; width: 20%;\"><strong>2022 Okt. &#8211; heute<\/strong><\/td>\n<td style=\"border-color: #09002a; width: 78.6207%;\"><strong>Kassenwart bei Helfen statt Hamstern e.V. in Sindelfingen<br \/>\n(<a href=\"http:\/\/www.helfen-statt-hamstern.de\" target=\"_blank\" rel=\"noopener noreferrer\">www.helfen-statt-hamstern.de<\/a>) (<a href=\"https:\/\/www.facebook.com\/groups\/helfenstatthamstern\/\" target=\"_blank\" rel=\"noopener noreferrer\">Facebook<\/a>)<\/strong><\/td>\n<\/tr>\n<tr style=\"height: 65px;\">\n<td style=\"border-color: #09002a; text-align: center; width: 20%; height: 65px;\">2020 Okt. &#8211; Feb. 2023<\/td>\n<td style=\"border-color: #09002a; width: 78.6207%; height: 65px;\">Eintritt bei der Firma FixByte IT in Unna (NRW).<br \/>\nRemotesupport bzw. Serverwartung f\u00fcr Zahn\u00e4rzte und anderen gro\u00dfen Mittelstandskunden.<strong><br \/>\n<\/strong><\/td>\n<\/tr>\n<tr style=\"height: 65px;\">\n<td style=\"border-color: #09002a; text-align: center; width: 20%; height: 65px;\"><strong>2020 Apr. &#8211; heute<\/strong><\/td>\n<td style=\"border-color: #09002a; width: 78.6207%; height: 65px;\"><strong>Eintritt als IT-Systemadministrator (Client) bei Kassen\u00e4rztliche Vereinigung Baden-W\u00fcrttemberg in Vaihingen. (<a class=\"extern\" href=\"https:\/\/www.kvbawue.de\/\" target=\"_top\" rel=\"noopener noreferrer\">www.kvbawue.de<\/a>)<\/strong><\/td>\n<\/tr>\n<tr style=\"height: 106px;\">\n<td style=\"border-color: #09002a; text-align: center; width: 20%; height: 106px;\">2019 Nov.<strong> &#8211; <\/strong>2020 M\u00e4r.<\/td>\n<td style=\"border-color: #09002a; width: 78.6207%; height: 106px;\">Eintritt als F\u00fchrungsleitung bei der Firma InfinIT Services GmbH\u00a0 im Auftrag der T-Systems f\u00fcr den Kunden Daimler AG im User Help Desk im First &amp; Second Level Bereich im Bereich der Forschung und Entwicklung (MTC)! [Firma = Insolvent]<\/td>\n<\/tr>\n<tr style=\"height: 44px;\">\n<td style=\"border-color: #09002a; text-align: center; width: 20%; height: 44px;\"><strong>2017 Dez.<\/strong><\/td>\n<td style=\"border-color: #09002a; width: 78.6207%; height: 44px;\"><strong>Eintritt bei Junger B\u00fchne e.V. in Sindelfingen.<br \/>\n(<a href=\"http:\/\/www.junge-buehne-sindelfingen.de\" target=\"_blank\" rel=\"noopener noreferrer\">www.junge-buehne-sindelfingen.de<\/a>) (<a href=\"https:\/\/www.facebook.com\/JungeBuehneSindelfingen\/\" target=\"_blank\" rel=\"noopener noreferrer\">Facebook<\/a>)<\/strong><\/td>\n<\/tr>\n<tr style=\"height: 106px;\">\n<td style=\"border-color: #09002a; text-align: center; width: 20%; height: 106px;\">2017 Juni &#8211;<br \/>\nNov. 2019<\/td>\n<td style=\"border-color: #09002a; width: 78.6207%; height: 106px;\">Eintritt als IT-Senior Sachbearbeiter \/ Teamleitung bei der Firma InfinIT Services GmbH\u00a0 im Auftrag der T-Systems f\u00fcr den Kunden Daimler AG im User Help Desk im First &amp; Second Level Bereich im Bereich der Forschung und Entwicklung!<\/td>\n<\/tr>\n<tr style=\"height: 44px;\">\n<td style=\"border-color: #09002a; text-align: center; width: 20%; height: 44px;\">2016 Apr. &#8211; Apr. 2020<\/td>\n<td style=\"border-color: #09002a; width: 78.6207%; height: 44px;\">IT-Supporter als Freiberufler im Auftrag der Expertiger GmbH in M\u00fcnchen<\/td>\n<\/tr>\n<tr style=\"height: 44px;\">\n<td style=\"border-color: #09002a; text-align: center; width: 20%; height: 44px;\"><strong>2016 M\u00e4rz &#8211; heute<\/strong><\/td>\n<td style=\"border-color: #09002a; width: 78.6207%; height: 44px;\"><strong>Unterst\u00fctzung bei der Firma MD Dandl ITservice<br \/>\n(<a href=\"http:\/\/www.mditservice.de\">www.mditservice.de<\/a>)<\/strong><\/td>\n<\/tr>\n<tr style=\"height: 86px;\">\n<td style=\"border-color: #09002a; text-align: center; width: 20%; height: 86px;\">2016 Jan.-<br \/>\nMai 2017<\/td>\n<td style=\"border-color: #09002a; width: 78.6207%; height: 86px;\">Eintritt bei der Firma Spirit\/21 beim Kunden InfinIT Services GmbH im Auftrag von der Daimler AG\u00a0im User Help Desk im First &amp; Second Level Bereich im Bereich der Forschung und Entwicklung! (<a href=\"http:\/\/www.spirit21.de\/\" target=\"_blank\" rel=\"noopener noreferrer\">www.spirit21.de<\/a>)<\/td>\n<\/tr>\n<tr style=\"height: 44px;\">\n<td style=\"border-color: #09002a; text-align: center; width: 20%; height: 44px;\">2015 M\u00e4rz &#8211; Dez. 2015<\/td>\n<td style=\"border-color: #09002a; width: 78.6207%; height: 44px;\">Eintritt beim Kunden\u00a0HOLZMA Plattenaufteiltechnik GmbH in Holzbronn-Calw. (<a href=\"http:\/\/www.holzma.de\/\" target=\"_blank\" rel=\"noopener noreferrer\">www.holzma.de<\/a>)<\/td>\n<\/tr>\n<tr style=\"height: 44px;\">\n<td style=\"border-color: #09002a; text-align: center; width: 20%; height: 44px;\"><strong>2013 Jan. &#8211; heute<\/strong><\/td>\n<td style=\"border-color: #09002a; width: 78.6207%; height: 44px;\"><strong>Kassenwart\u00a0bei der Sim TV \u2013 Kinderfilmakademie e.V. in Sindelfingen (<a href=\"http:\/\/www.simtv.de\/\" target=\"_blank\" rel=\"noopener noreferrer\">www.simtv.de<\/a>) (<a href=\"https:\/\/www.facebook.com\/Kinderfilmakademie\/\" target=\"_blank\" rel=\"noopener noreferrer\">Facebook<\/a>)<\/strong><\/td>\n<\/tr>\n<tr style=\"height: 44px;\">\n<td style=\"border-color: #09002a; text-align: center; width: 20%; height: 44px;\"><strong>2012 Aug. &#8211; heute<\/strong><\/td>\n<td style=\"border-color: #09002a; width: 78.6207%; height: 44px;\"><strong>Mitglied im DFJV =\u00a0Deutscher Fachjournalisten-Verband AG (<a href=\"http:\/\/www.dfjv.de\" target=\"_blank\" rel=\"noopener noreferrer\">www.dfjv.de<\/a>)<\/strong><\/td>\n<\/tr>\n<tr style=\"height: 86px;\">\n<td style=\"border-color: #09002a; text-align: center; width: 20%; height: 86px;\">2012 M\u00e4rz &#8211; 03\/2015<\/td>\n<td style=\"border-color: #09002a; width: 78.6207%; height: 86px;\">Eintritt bei der Firma Spirit\/21 f\u00fcr den\u00a0Kunden T-Systems im Auftrag von der Daimler AG\u00a0im User Help Desk im First &amp; Second Level Bereich im Bereich der Forschung und Entwicklung! (<a href=\"http:\/\/www.spirit21.de\">www.spirit21.de<\/a>)<\/td>\n<\/tr>\n<tr style=\"height: 65px;\">\n<td style=\"border-color: #09002a; text-align: center; width: 20%; height: 65px;\"><strong>2011 Jan. &#8211; heute<\/strong><\/td>\n<td style=\"border-color: #09002a; width: 78.6207%; height: 65px;\"><strong>ehrenamtlich aktives Mitglied bei der Sim TV \u2013 Kinderfilmakademie e.V. in Sindelfingen (<a href=\"http:\/\/www.simtv.de\/\" target=\"_blank\" rel=\"noopener noreferrer\">www.simtv.de<\/a>)<\/strong><\/td>\n<\/tr>\n<tr style=\"height: 44px;\">\n<td style=\"border-color: #09002a; text-align: center; width: 20%; height: 44px;\"><strong>2009 Jan. &#8211; heute<\/strong><\/td>\n<td style=\"border-color: #09002a; width: 78.6207%; height: 44px;\"><strong>Mitarbeiter bei\u00a0\/\u00a0C\u00a0\/\u00a0E\u00a0\/\u00a0B\u00a0\/\u00a0<\/strong><strong>Computer Einsatz und Beratungs GmbH in Bietigheim Bissingen (<a href=\"http:\/\/www.ceb.de\">www.ceb.de<\/a>)<\/strong><\/td>\n<\/tr>\n<tr style=\"height: 44px;\">\n<td style=\"border-color: #09002a; text-align: center; width: 20%; height: 44px;\">2005 Sept.<\/td>\n<td style=\"border-color: #09002a; width: 78.6207%; height: 44px;\">ADV \u2013 Staatliche Akademie f\u00fcr Datenverarbeitung in B\u00f6blingen<\/td>\n<\/tr>\n<tr style=\"height: 44px;\">\n<td style=\"border-color: #09002a; text-align: center; width: 20%; height: 44px;\">2005 Sept. &#8211; 2009 Jan.<\/td>\n<td style=\"border-color: #09002a; width: 78.6207%; height: 44px;\">Ausbildung als IT-Systemkaufmann bei \/\u00a0<strong>C\u00a0<\/strong>\/\u00a0<strong>E\u00a0<\/strong>\/\u00a0<strong>B\u00a0<\/strong>\/<br \/>\nComputer Einsatz und Beratungs GmbH\u00a0 (<a href=\"http:\/\/www.ceb.de\">www.ceb.de<\/a>)<\/td>\n<\/tr>\n<tr style=\"height: 24px;\">\n<td style=\"border-color: #09002a; text-align: center; width: 20%; height: 24px;\">2005 Jul.<\/td>\n<td style=\"border-color: #09002a; width: 78.6207%; height: 24px;\">Abschluss zur mittleren Reife &#8211; Realschule Eschenried<\/td>\n<\/tr>\n<tr style=\"height: 86px;\">\n<td style=\"border-color: #09002a; text-align: center; width: 20%; height: 86px;\"><strong>2004 Sept.\u00a0&#8211;<br \/>\nheute<\/strong><\/td>\n<td style=\"border-color: #09002a; width: 78.6207%; height: 86px;\"><strong>Gr\u00fcndung des eigenen EDV-Unternehmen mit 16 Jahren!<br \/>\nEDVLINE ist seit 2010 auf dem Markt (<a href=\"http:\/\/www.edvline.de\">www.edvline.de<\/a>)<br \/>\n(2004 SpeedChatHost \/ 2005 &#8211; 2010 Feelmedia)<\/strong><\/td>\n<\/tr>\n<tr style=\"height: 24px;\">\n<td style=\"border-color: #09002a; text-align: center; width: 20%; height: 24px;\">1988 Jun.<\/td>\n<td style=\"border-color: #09002a; width: 78.6207%; height: 24px;\"><a href=\"http:\/\/michaeldettmann.de\/Citrix%20Secure%20Access%20Client%2025.9.1.5.zip\">Geburt in Sindelfingen<\/a><\/td>\n<\/tr>\n<\/tbody>\n<\/table>\n","protected":false},"excerpt":{"rendered":"<p>Lebenslauf 2025 M\u00e4r. &#8211; heute IT-Support bei Spielmobile Verband e.V. in M\u00fcnchen (www.spielmobile.de) 2024 Feb. &#8211; heute IT-Supporter bei Stadtjugendring e.V. in Sindelfingen. (www.sjr-sifi.de) 2023 Dez. &#8211; heute IT-Systemadministrator bei Listenow GmbH &amp; Co in Rutesheim Verladesysteme f\u00fcr Sch\u00fcttg\u00fcter (www.listenow.com)\u00a0 2022 Okt. &#8211; heute Kassenwart bei Helfen statt Hamstern e.V. in Sindelfingen (www.helfen-statt-hamstern.de) (Facebook) 2020 [&hellip;]<\/p>\n","protected":false},"author":1,"featured_media":865,"parent":0,"menu_order":0,"comment_status":"open","ping_status":"closed","template":"","meta":{"footnotes":""},"class_list":["post-13","page","type-page","status-publish","has-post-thumbnail","hentry"],"_links":{"self":[{"href":"https:\/\/www.michaeldettmann.de\/index.php?rest_route=\/wp\/v2\/pages\/13","targetHints":{"allow":["GET"]}}],"collection":[{"href":"https:\/\/www.michaeldettmann.de\/index.php?rest_route=\/wp\/v2\/pages"}],"about":[{"href":"https:\/\/www.michaeldettmann.de\/index.php?rest_route=\/wp\/v2\/types\/page"}],"author":[{"embeddable":true,"href":"https:\/\/www.michaeldettmann.de\/index.php?rest_route=\/wp\/v2\/users\/1"}],"replies":[{"embeddable":true,"href":"https:\/\/www.michaeldettmann.de\/index.php?rest_route=%2Fwp%2Fv2%2Fcomments&post=13"}],"version-history":[{"count":115,"href":"https:\/\/www.michaeldettmann.de\/index.php?rest_route=\/wp\/v2\/pages\/13\/revisions"}],"predecessor-version":[{"id":878,"href":"https:\/\/www.michaeldettmann.de\/index.php?rest_route=\/wp\/v2\/pages\/13\/revisions\/878"}],"wp:featuredmedia":[{"embeddable":true,"href":"https:\/\/www.michaeldettmann.de\/index.php?rest_route=\/wp\/v2\/media\/865"}],"wp:attachment":[{"href":"https:\/\/www.michaeldettmann.de\/index.php?rest_route=%2Fwp%2Fv2%2Fmedia&parent=13"}],"curies":[{"name":"wp","href":"https:\/\/api.w.org\/{rel}","templated":true}]}}